{"id":13,"date":"2019-02-11T14:02:35","date_gmt":"2019-02-11T14:02:35","guid":{"rendered":"http:\/\/www.zajzon.com\/?page_id=13"},"modified":"2019-03-10T12:48:20","modified_gmt":"2019-03-10T12:48:20","slug":"illyefalvi-ag","status":"publish","type":"page","link":"https:\/\/www.zajzon.com\/hu\/illyefalvi-ag\/","title":{"rendered":"Illyefalvi \u00e1g"},"content":{"rendered":"<div data-elementor-type=\"wp-post\" data-elementor-id=\"13\" class=\"elementor elementor-13 elementor-bc-flex-widget\" data-elementor-post-type=\"page\">\n\t\t\t\t\t\t<section class=\"elementor-section elementor-top-section elementor-element elementor-element-a5c345d elementor-section-boxed elementor-section-height-default elementor-section-height-default\" data-id=\"a5c345d\" data-element_type=\"section\" data-e-type=\"section\">\n\t\t\t\t\t\t<div class=\"elementor-container elementor-column-gap-default\">\n\t\t\t\t\t<div class=\"elementor-column elementor-col-100 elementor-top-column elementor-element elementor-element-ff2d7f5\" data-id=\"ff2d7f5\" data-element_type=\"column\" data-e-type=\"column\">\n\t\t\t<div class=\"elementor-widget-wrap elementor-element-populated\">\n\t\t\t\t\t\t<div class=\"elementor-element elementor-element-09807ea elementor-widget elementor-widget-text-editor\" data-id=\"09807ea\" data-element_type=\"widget\" data-e-type=\"widget\" data-widget_type=\"text-editor.default\">\n\t\t\t\t<div class=\"elementor-widget-container\">\n\t\t\t\t\t\t\t\t\t<p><strong>Zajzon (Illyefalvi). <\/strong><\/p><p>H\u00e1romsz\u00e9ken \u2013 mint eddig is l\u00e1ttuk \u2013 t\u00f6bb Zajzon-csal\u00e1ddal tal\u00e1lkozunk. Lehet, hogy egy t\u00f6rzsb\u0151l indultak ki, de az egyes \u00e1gak m\u00e9g a XVI. Sz\u00e1zadban szakadtak el egym\u00e1st\u00f3l. A k\u00f6z\u00f6s t\u00f6rzs meg\u00e1llap\u00edthat\u00f3 nem l\u00e9v\u00e9n, k\u00fcl\u00f6n-k\u00fcl\u00f6n kellett t\u00f6rt\u00e9net\u00fcket meg\u00edrnom. Az illyefalvi Zajzon-csal\u00e1db\u00f3l Mih\u00e1ly mint test\u0151r 1611 j\u00fanius 14-\u00e9n B\u00e1thori G\u00e1bort\u00f3l nyert czimeres nemes levelet. Ezen Mih\u00e1lyt\u00f3li lesz\u00e1rmaz\u00e1s, mely 1761-ben lett \u00f6ssze\u00e1ll\u00edtva s k\u00e9s\u0151bb a csal\u00e1d tagjai \u00e1ltal izr\u0151l-izre kieg\u00e9sz\u00edtve, a k\u00f6vetkez\u0151 (l\u00e1sd fenti csal\u00e1df\u00e1t). Ennek ellen\u00e9re az 1635. okt\u00f3ber 19-i katonai \u00f6ssze\u00edr\u00e1skor Illyefalv\u00e1n nem szerepelnek Zajzonok. T\u00f6rzsgy\u00f6keres sz\u00e9kely csal\u00e1d, melynek jelenleg (1901) n\u00e9gy f\u00e9rfitagja \u00e9l, u.m. Zajzon Antal nyug. Katonai \u00e1llatorvos, Albert birtokos Gid\u00f3falv\u00e1n, Gergely jogv\u00e9gzett kir. Ad\u00f3tiszt K\u00e9zdi-V\u00e1s\u00e1rhelytt \u00e9s S\u00e1ndor \u00e1llami polg.isk. \u00e9s okl. Tan\u00edt\u00f3k\u00e9pezdei tan\u00e1r szint\u00e9n K\u00e9zdi-V\u00e1s\u00e1rhelytt.<br \/>Nemess\u00e9get \u00e9s l\u00f3f\u0151s\u00e9get (primipilatus) kaptak a fejedelmekt\u0151l 1594-1637.<br \/>1611. j\u00fanius 14. Nagyszeben. B\u00e1thory G\u00e1bor erd\u00e9lyi nagyfejedelem Vajda M\u00e1rtonnak, Nyerges Tam\u00e1snak,&#8230;.Zajzon (Zayson) Mih\u00e1lynak,&#8230;. a Gyulafej\u00e9rv\u00e1ri Balogh Imre hadnagys\u00e1ga alatt \u00e1ll\u00f3 test\u0151r (praetorianus) gyalogosok h\u0171 szolg\u00e1lataik\u00e9rt a pixidariusi \u00e1llapotb\u00f3l kiv\u00e9tetnek \u00e9s cz\u00edmeres nemess\u00e9gre emeltetnek.<\/p><p>C\u00edmer:<\/p>\t\t\t\t\t\t\t\t<\/div>\n\t\t\t\t<\/div>\n\t\t\t\t\t<\/div>\n\t\t<\/div>\n\t\t\t\t\t<\/div>\n\t\t<\/section>\n\t\t\t\t<section class=\"elementor-section elementor-top-section elementor-element elementor-element-9b1a35f elementor-section-boxed elementor-section-height-default elementor-section-height-default\" data-id=\"9b1a35f\" data-element_type=\"section\" data-e-type=\"section\" data-settings=\"{&quot;background_background&quot;:&quot;classic&quot;}\">\n\t\t\t\t\t\t<div class=\"elementor-container elementor-column-gap-default\">\n\t\t\t\t\t<div class=\"elementor-column elementor-col-100 elementor-top-column elementor-element elementor-element-5754807\" data-id=\"5754807\" data-element_type=\"column\" data-e-type=\"column\">\n\t\t\t<div class=\"elementor-widget-wrap elementor-element-populated\">\n\t\t\t\t\t\t<div class=\"elementor-element elementor-element-0613399 elementor-widget elementor-widget-image\" data-id=\"0613399\" data-element_type=\"widget\" data-e-type=\"widget\" data-widget_type=\"image.default\">\n\t\t\t\t<div class=\"elementor-widget-container\">\n\t\t\t\t\t\t\t\t\t\t\t\t\t\t\t<img fetchpriority=\"high\" decoding=\"async\" width=\"684\" height=\"778\" src=\"https:\/\/www.zajzon.com\/wp-content\/uploads\/2019\/02\/Dok_003-1.jpg\" class=\"attachment-large size-large wp-image-79\" alt=\"\" srcset=\"https:\/\/www.zajzon.com\/wp-content\/uploads\/2019\/02\/Dok_003-1.jpg 684w, https:\/\/www.zajzon.com\/wp-content\/uploads\/2019\/02\/Dok_003-1-264x300.jpg 264w\" sizes=\"(max-width: 684px) 100vw, 684px\" \/>\t\t\t\t\t\t\t\t\t\t\t\t\t\t\t<\/div>\n\t\t\t\t<\/div>\n\t\t\t\t\t<\/div>\n\t\t<\/div>\n\t\t\t\t\t<\/div>\n\t\t<\/section>\n\t\t\t\t<section class=\"elementor-section elementor-top-section elementor-element elementor-element-acfe7ce elementor-section-boxed elementor-section-height-default elementor-section-height-default\" data-id=\"acfe7ce\" data-element_type=\"section\" data-e-type=\"section\">\n\t\t\t\t\t\t<div class=\"elementor-container elementor-column-gap-default\">\n\t\t\t\t\t<div class=\"elementor-column elementor-col-100 elementor-top-column elementor-element elementor-element-b049c28\" data-id=\"b049c28\" data-element_type=\"column\" data-e-type=\"column\">\n\t\t\t<div class=\"elementor-widget-wrap\">\n\t\t\t\t\t\t\t<\/div>\n\t\t<\/div>\n\t\t\t\t\t<\/div>\n\t\t<\/section>\n\t\t\t\t<section class=\"elementor-section elementor-top-section elementor-element elementor-element-eed5e3e elementor-section-boxed elementor-section-height-default elementor-section-height-default\" data-id=\"eed5e3e\" data-element_type=\"section\" data-e-type=\"section\">\n\t\t\t\t\t\t<div class=\"elementor-container elementor-column-gap-default\">\n\t\t\t\t\t<div class=\"elementor-column elementor-col-100 elementor-top-column elementor-element elementor-element-a00a75c\" data-id=\"a00a75c\" data-element_type=\"column\" data-e-type=\"column\">\n\t\t\t<div class=\"elementor-widget-wrap elementor-element-populated\">\n\t\t\t\t\t\t<div class=\"elementor-element elementor-element-45ba7e1 elementor-widget elementor-widget-text-editor\" data-id=\"45ba7e1\" data-element_type=\"widget\" data-e-type=\"widget\" data-widget_type=\"text-editor.default\">\n\t\t\t\t<div class=\"elementor-widget-container\">\n\t\t\t\t\t\t\t\t\t<p>Le\u00edr\u00e1sa: Scutum videlicet militare erectum rubei coloris, in cuius campo sive area, super viridi gramine duo integri leopardi erecto corpore invicem sibe oppositi pedibus posterioribus ad stante dispositis, anteriorum vero dextris unus quidem in dextro scuti parte frameam evaginatam, recentique sanguine rubentem, in sinistra vero alter bombardam elevatam, ungvibusque fortiter comprehentem, ictum interentem similes super caput vibrare, sinistris vero vexillum ambobus pedibus ab utrinque servare visuntur.Supra scutum galea militaris clausa est posita, quam corona sive diadema regium varis gemmis unionibusque contegit et variegatum, ex cono vero galeae teniae sive lemnisci variorum colorum hincinde defluentes utrasque oras seu margines ipsius scuti pulcherrime ambiunt et exornant.<br \/><br \/>B\u00e1thory G\u00e1bort\u00f3l h\u0171s\u00e9ges szolg\u00e1lataik\u00e9rt nemess\u00e9get kapnak a test\u0151rs\u00e9gben szolg\u00e1l\u00f3, gyulafej\u00e9rv\u00e1ri Balogh Imre hadnagys\u00e1ga alatt l\u00e9v\u0151, k\u00f6vetkez\u0151 test\u0151r-gyalogok: Vajda &#8230;&#8230;, Zayson Mih\u00e1ly, &#8230;.. a kik mint test\u0151rgyalog pixidariusok \u00e9s nem nemesek voltak addig. Nemesekk\u00e9 t\u00e9v\u00e9n, adja nekik cz\u00edmer\u00fcl ezt: a paizs v\u00f6r\u00f6s mezej\u00e9ben z\u00f6ld gyepen egym\u00e1ssal szemben h\u00e1ts\u00f3 l\u00e1bukon k\u00e9t teljes leop\u00e1rd \u00e1ll, els\u0151 jobb l\u00e1b\u00e1ban pedig az egyik, a paizs jobb oldal\u00e1n \u00e1ll\u00f3, kivont kardot tart, mely friss v\u00e9rt\u0151l piroslik, a paizs baloldal\u00e1n \u00e1ll\u00f3 pedig pusk\u00e1t (bombardam) tart karmai k\u00f6zt feje felett, bal l\u00e1b\u00e1val pedig mindkett\u0151 z\u00e1szl\u00f3t tart. A paizs felett z\u00e1rt sisak, melyet dr\u00e1gak\u00f6vekkel kirakott kir\u00e1lyi korona \u00e9kes\u00edt, a sisak tetej\u00e9r\u0151l k\u00fcl\u00f6nb\u00f6z\u0151 sz\u00edn\u0171 foszl\u00e1nyok f\u00fcggnek al\u00e1. (A korona felett semmi cz\u00edmerk\u00e9p).<br \/>(P\u00e1lmay J\u00f3zsef: H\u00e1romsz\u00e9k megye nemes csal\u00e1djai, Sepsiszentgy\u00f6rgy, 1901, 475)<\/p>\t\t\t\t\t\t\t\t<\/div>\n\t\t\t\t<\/div>\n\t\t\t\t\t<\/div>\n\t\t<\/div>\n\t\t\t\t\t<\/div>\n\t\t<\/section>\n\t\t\t\t<section class=\"elementor-section elementor-top-section elementor-element elementor-element-beccf20 elementor-section-boxed elementor-section-height-default elementor-section-height-default\" data-id=\"beccf20\" data-element_type=\"section\" data-e-type=\"section\">\n\t\t\t\t\t\t<div class=\"elementor-container elementor-column-gap-default\">\n\t\t\t\t\t<div class=\"elementor-column elementor-col-100 elementor-top-column elementor-element elementor-element-a45d2d4\" data-id=\"a45d2d4\" data-element_type=\"column\" data-e-type=\"column\">\n\t\t\t<div class=\"elementor-widget-wrap elementor-element-populated\">\n\t\t\t\t\t\t<div class=\"elementor-element elementor-element-c1b91db elementor-widget elementor-widget-text-editor\" data-id=\"c1b91db\" data-element_type=\"widget\" data-e-type=\"widget\" data-widget_type=\"text-editor.default\">\n\t\t\t\t<div class=\"elementor-widget-container\">\n\t\t\t\t\t\t\t\t\t<p>Let\u00f6lthet\u0151 PDF csal\u00e1dfa\u00a0<strong><span style=\"color: #3366ff;\"> <a style=\"color: #3366ff;\" href=\"http:\/\/www.zajzon.com\/wp-content\/uploads\/2019\/03\/Illyefalvi-Zayzonok.pdf\">Illyefalvi Zayzonok<\/a><\/span><\/strong><\/p>\t\t\t\t\t\t\t\t<\/div>\n\t\t\t\t<\/div>\n\t\t\t\t\t<\/div>\n\t\t<\/div>\n\t\t\t\t\t<\/div>\n\t\t<\/section>\n\t\t\t\t<\/div>","protected":false},"excerpt":{"rendered":"<p>Zajzon (Illyefalvi). H\u00e1romsz\u00e9ken \u2013 mint eddig is l\u00e1ttuk \u2013 t\u00f6bb Zajzon-csal\u00e1ddal tal\u00e1lkozunk. Lehet, hogy egy t\u00f6rzsb\u0151l indultak ki, de az egyes \u00e1gak m\u00e9g a XVI. Sz\u00e1zadban szakadtak el egym\u00e1st\u00f3l. A k\u00f6z\u00f6s t\u00f6rzs meg\u00e1llap\u00edthat\u00f3 nem l\u00e9v\u00e9n, k\u00fcl\u00f6n-k\u00fcl\u00f6n kellett t\u00f6rt\u00e9net\u00fcket meg\u00edrnom. Az illyefalvi Zajzon-csal\u00e1db\u00f3l Mih\u00e1ly mint test\u0151r 1611 j\u00fanius 14-\u00e9n B\u00e1thori G\u00e1bort\u00f3l nyert czimeres nemes levelet. Ezen [&hellip;]<\/p>","protected":false},"author":1,"featured_media":0,"parent":0,"menu_order":0,"comment_status":"closed","ping_status":"closed","template":"","meta":{"ocean_post_layout":"full-screen","ocean_both_sidebars_style":"","ocean_both_sidebars_content_width":0,"ocean_both_sidebars_sidebars_width":0,"ocean_sidebar":"0","ocean_second_sidebar":"0","ocean_disable_margins":"on","ocean_add_body_class":"","ocean_shortcode_before_top_bar":"","ocean_shortcode_after_top_bar":"","ocean_shortcode_before_header":"","ocean_shortcode_after_header":"","ocean_has_shortcode":"","ocean_shortcode_after_title":"","ocean_shortcode_before_footer_widgets":"","ocean_shortcode_after_footer_widgets":"","ocean_shortcode_before_footer_bottom":"","ocean_shortcode_after_footer_bottom":"","ocean_display_top_bar":"default","ocean_display_header":"default","ocean_header_style":"","ocean_center_header_left_menu":"0","ocean_custom_header_template":"0","ocean_custom_logo":0,"ocean_custom_retina_logo":0,"ocean_custom_logo_max_width":0,"ocean_custom_logo_tablet_max_width":0,"ocean_custom_logo_mobile_max_width":0,"ocean_custom_logo_max_height":0,"ocean_custom_logo_tablet_max_height":0,"ocean_custom_logo_mobile_max_height":0,"ocean_header_custom_menu":"0","ocean_menu_typo_font_family":"0","ocean_menu_typo_font_subset":"","ocean_menu_typo_font_size":0,"ocean_menu_typo_font_size_tablet":0,"ocean_menu_typo_font_size_mobile":0,"ocean_menu_typo_font_size_unit":"px","ocean_menu_typo_font_weight":"","ocean_menu_typo_font_weight_tablet":"","ocean_menu_typo_font_weight_mobile":"","ocean_menu_typo_transform":"","ocean_menu_typo_transform_tablet":"","ocean_menu_typo_transform_mobile":"","ocean_menu_typo_line_height":0,"ocean_menu_typo_line_height_tablet":0,"ocean_menu_typo_line_height_mobile":0,"ocean_menu_typo_line_height_unit":"","ocean_menu_typo_spacing":0,"ocean_menu_typo_spacing_tablet":0,"ocean_menu_typo_spacing_mobile":0,"ocean_menu_typo_spacing_unit":"","ocean_menu_link_color":"","ocean_menu_link_color_hover":"","ocean_menu_link_color_active":"","ocean_menu_link_background":"","ocean_menu_link_hover_background":"","ocean_menu_link_active_background":"","ocean_menu_social_links_bg":"","ocean_menu_social_hover_links_bg":"","ocean_menu_social_links_color":"","ocean_menu_social_hover_links_color":"","ocean_disable_title":"default","ocean_disable_heading":"default","ocean_post_title":"","ocean_post_subheading":"","ocean_post_title_style":"centered","ocean_post_title_background_color":"","ocean_post_title_background":0,"ocean_post_title_bg_image_position":"","ocean_post_title_bg_image_attachment":"","ocean_post_title_bg_image_repeat":"","ocean_post_title_bg_image_size":"","ocean_post_title_height":0,"ocean_post_title_bg_overlay":0.5,"ocean_post_title_bg_overlay_color":"","ocean_disable_breadcrumbs":"default","ocean_breadcrumbs_color":"","ocean_breadcrumbs_separator_color":"","ocean_breadcrumbs_links_color":"","ocean_breadcrumbs_links_hover_color":"","ocean_display_footer_widgets":"default","ocean_display_footer_bottom":"default","ocean_custom_footer_template":"0","footnotes":""},"class_list":["post-13","page","type-page","status-publish","hentry","entry"],"yoast_head":"<!-- This site is optimized with the Yoast SEO Premium plugin v26.9 (Yoast SEO v26.9) - https:\/\/yoast.com\/product\/yoast-seo-premium-wordpress\/ -->\n<title>Illyefalvi \u00e1g - Worldwide database of Zajzon families<\/title>\n<meta name=\"robots\" content=\"index, follow, max-snippet:-1, max-image-preview:large, max-video-preview:-1\" \/>\n<link rel=\"canonical\" href=\"https:\/\/www.zajzon.com\/hu\/illyefalvi-ag\/\" \/>\n<meta property=\"og:locale\" content=\"hu_HU\" \/>\n<meta property=\"og:type\" content=\"article\" \/>\n<meta property=\"og:title\" content=\"Illyefalvi \u00e1g\" \/>\n<meta property=\"og:description\" content=\"Zajzon (Illyefalvi). H\u00e1romsz\u00e9ken \u2013 mint eddig is l\u00e1ttuk \u2013 t\u00f6bb Zajzon-csal\u00e1ddal tal\u00e1lkozunk. Lehet, hogy egy t\u00f6rzsb\u0151l indultak ki, de az egyes \u00e1gak m\u00e9g a XVI. Sz\u00e1zadban szakadtak el egym\u00e1st\u00f3l. A k\u00f6z\u00f6s t\u00f6rzs meg\u00e1llap\u00edthat\u00f3 nem l\u00e9v\u00e9n, k\u00fcl\u00f6n-k\u00fcl\u00f6n kellett t\u00f6rt\u00e9net\u00fcket meg\u00edrnom. Az illyefalvi Zajzon-csal\u00e1db\u00f3l Mih\u00e1ly mint test\u0151r 1611 j\u00fanius 14-\u00e9n B\u00e1thori G\u00e1bort\u00f3l nyert czimeres nemes levelet. Ezen [&hellip;]\" \/>\n<meta property=\"og:url\" content=\"https:\/\/www.zajzon.com\/hu\/illyefalvi-ag\/\" \/>\n<meta property=\"og:site_name\" content=\"Worldwide database of Zajzon families\" \/>\n<meta property=\"article:modified_time\" content=\"2019-03-10T12:48:20+00:00\" \/>\n<meta property=\"og:image\" content=\"http:\/\/www.zajzon.com\/wp-content\/uploads\/2019\/02\/Dok_003-1.jpg\" \/>\n<meta name=\"twitter:card\" content=\"summary_large_image\" \/>\n<meta name=\"twitter:label1\" content=\"Becs\u00fclt olvas\u00e1si id\u0151\" \/>\n\t<meta name=\"twitter:data1\" content=\"3 perc\" \/>\n<script type=\"application\/ld+json\" class=\"yoast-schema-graph\">{\"@context\":\"https:\/\/schema.org\",\"@graph\":[{\"@type\":\"WebPage\",\"@id\":\"https:\/\/www.zajzon.com\/hu\/illyefalvi-ag\/\",\"url\":\"https:\/\/www.zajzon.com\/hu\/illyefalvi-ag\/\",\"name\":\"Illyefalvi \u00e1g - Worldwide database of Zajzon families\",\"isPartOf\":{\"@id\":\"https:\/\/www.zajzon.com\/hu\/#website\"},\"primaryImageOfPage\":{\"@id\":\"https:\/\/www.zajzon.com\/hu\/illyefalvi-ag\/#primaryimage\"},\"image\":{\"@id\":\"https:\/\/www.zajzon.com\/hu\/illyefalvi-ag\/#primaryimage\"},\"thumbnailUrl\":\"http:\/\/www.zajzon.com\/wp-content\/uploads\/2019\/02\/Dok_003-1.jpg\",\"datePublished\":\"2019-02-11T14:02:35+00:00\",\"dateModified\":\"2019-03-10T12:48:20+00:00\",\"breadcrumb\":{\"@id\":\"https:\/\/www.zajzon.com\/hu\/illyefalvi-ag\/#breadcrumb\"},\"inLanguage\":\"hu\",\"potentialAction\":[{\"@type\":\"ReadAction\",\"target\":[\"https:\/\/www.zajzon.com\/hu\/illyefalvi-ag\/\"]}]},{\"@type\":\"ImageObject\",\"inLanguage\":\"hu\",\"@id\":\"https:\/\/www.zajzon.com\/hu\/illyefalvi-ag\/#primaryimage\",\"url\":\"http:\/\/www.zajzon.com\/wp-content\/uploads\/2019\/02\/Dok_003-1.jpg\",\"contentUrl\":\"http:\/\/www.zajzon.com\/wp-content\/uploads\/2019\/02\/Dok_003-1.jpg\"},{\"@type\":\"BreadcrumbList\",\"@id\":\"https:\/\/www.zajzon.com\/hu\/illyefalvi-ag\/#breadcrumb\",\"itemListElement\":[{\"@type\":\"ListItem\",\"position\":1,\"name\":\"Home\",\"item\":\"https:\/\/www.zajzon.com\/\"},{\"@type\":\"ListItem\",\"position\":2,\"name\":\"Illyefalvi \u00e1g\"}]},{\"@type\":\"WebSite\",\"@id\":\"https:\/\/www.zajzon.com\/hu\/#website\",\"url\":\"https:\/\/www.zajzon.com\/hu\/\",\"name\":\"Worldwide database of Zajzon families\",\"description\":\"Zajzon csal\u00e1dok gy\u0171jtem\u00e9nye\",\"publisher\":{\"@id\":\"https:\/\/www.zajzon.com\/hu\/#organization\"},\"potentialAction\":[{\"@type\":\"SearchAction\",\"target\":{\"@type\":\"EntryPoint\",\"urlTemplate\":\"https:\/\/www.zajzon.com\/hu\/?s={search_term_string}\"},\"query-input\":{\"@type\":\"PropertyValueSpecification\",\"valueRequired\":true,\"valueName\":\"search_term_string\"}}],\"inLanguage\":\"hu\"},{\"@type\":\"Organization\",\"@id\":\"https:\/\/www.zajzon.com\/hu\/#organization\",\"name\":\"Worldwide database of Zajzon families\",\"url\":\"https:\/\/www.zajzon.com\/hu\/\",\"logo\":{\"@type\":\"ImageObject\",\"inLanguage\":\"hu\",\"@id\":\"https:\/\/www.zajzon.com\/hu\/#\/schema\/logo\/image\/\",\"url\":\"https:\/\/www.zajzon.com\/wp-content\/uploads\/2025\/12\/Header-Elementor-Zajzon.png\",\"contentUrl\":\"https:\/\/www.zajzon.com\/wp-content\/uploads\/2025\/12\/Header-Elementor-Zajzon.png\",\"width\":313,\"height\":100,\"caption\":\"Worldwide database of Zajzon families\"},\"image\":{\"@id\":\"https:\/\/www.zajzon.com\/hu\/#\/schema\/logo\/image\/\"}}]}<\/script>\n<!-- \/ Yoast SEO Premium plugin. -->","yoast_head_json":{"title":"Illyefalvi \u00e1g - Worldwide database of Zajzon families","robots":{"index":"index","follow":"follow","max-snippet":"max-snippet:-1","max-image-preview":"max-image-preview:large","max-video-preview":"max-video-preview:-1"},"canonical":"https:\/\/www.zajzon.com\/hu\/illyefalvi-ag\/","og_locale":"hu_HU","og_type":"article","og_title":"Illyefalvi \u00e1g","og_description":"Zajzon (Illyefalvi). H\u00e1romsz\u00e9ken \u2013 mint eddig is l\u00e1ttuk \u2013 t\u00f6bb Zajzon-csal\u00e1ddal tal\u00e1lkozunk. Lehet, hogy egy t\u00f6rzsb\u0151l indultak ki, de az egyes \u00e1gak m\u00e9g a XVI. Sz\u00e1zadban szakadtak el egym\u00e1st\u00f3l. A k\u00f6z\u00f6s t\u00f6rzs meg\u00e1llap\u00edthat\u00f3 nem l\u00e9v\u00e9n, k\u00fcl\u00f6n-k\u00fcl\u00f6n kellett t\u00f6rt\u00e9net\u00fcket meg\u00edrnom. Az illyefalvi Zajzon-csal\u00e1db\u00f3l Mih\u00e1ly mint test\u0151r 1611 j\u00fanius 14-\u00e9n B\u00e1thori G\u00e1bort\u00f3l nyert czimeres nemes levelet. Ezen [&hellip;]","og_url":"https:\/\/www.zajzon.com\/hu\/illyefalvi-ag\/","og_site_name":"Worldwide database of Zajzon families","article_modified_time":"2019-03-10T12:48:20+00:00","og_image":[{"url":"http:\/\/www.zajzon.com\/wp-content\/uploads\/2019\/02\/Dok_003-1.jpg","type":"","width":"","height":""}],"twitter_card":"summary_large_image","twitter_misc":{"Becs\u00fclt olvas\u00e1si id\u0151":"3 perc"},"schema":{"@context":"https:\/\/schema.org","@graph":[{"@type":"WebPage","@id":"https:\/\/www.zajzon.com\/hu\/illyefalvi-ag\/","url":"https:\/\/www.zajzon.com\/hu\/illyefalvi-ag\/","name":"Illyefalvi \u00e1g - Worldwide database of Zajzon families","isPartOf":{"@id":"https:\/\/www.zajzon.com\/hu\/#website"},"primaryImageOfPage":{"@id":"https:\/\/www.zajzon.com\/hu\/illyefalvi-ag\/#primaryimage"},"image":{"@id":"https:\/\/www.zajzon.com\/hu\/illyefalvi-ag\/#primaryimage"},"thumbnailUrl":"http:\/\/www.zajzon.com\/wp-content\/uploads\/2019\/02\/Dok_003-1.jpg","datePublished":"2019-02-11T14:02:35+00:00","dateModified":"2019-03-10T12:48:20+00:00","breadcrumb":{"@id":"https:\/\/www.zajzon.com\/hu\/illyefalvi-ag\/#breadcrumb"},"inLanguage":"hu","potentialAction":[{"@type":"ReadAction","target":["https:\/\/www.zajzon.com\/hu\/illyefalvi-ag\/"]}]},{"@type":"ImageObject","inLanguage":"hu","@id":"https:\/\/www.zajzon.com\/hu\/illyefalvi-ag\/#primaryimage","url":"http:\/\/www.zajzon.com\/wp-content\/uploads\/2019\/02\/Dok_003-1.jpg","contentUrl":"http:\/\/www.zajzon.com\/wp-content\/uploads\/2019\/02\/Dok_003-1.jpg"},{"@type":"BreadcrumbList","@id":"https:\/\/www.zajzon.com\/hu\/illyefalvi-ag\/#breadcrumb","itemListElement":[{"@type":"ListItem","position":1,"name":"Home","item":"https:\/\/www.zajzon.com\/"},{"@type":"ListItem","position":2,"name":"Illyefalvi \u00e1g"}]},{"@type":"WebSite","@id":"https:\/\/www.zajzon.com\/hu\/#website","url":"https:\/\/www.zajzon.com\/hu\/","name":"Worldwide database of Zajzon families","description":"Zajzon csal\u00e1dok gy\u0171jtem\u00e9nye","publisher":{"@id":"https:\/\/www.zajzon.com\/hu\/#organization"},"potentialAction":[{"@type":"SearchAction","target":{"@type":"EntryPoint","urlTemplate":"https:\/\/www.zajzon.com\/hu\/?s={search_term_string}"},"query-input":{"@type":"PropertyValueSpecification","valueRequired":true,"valueName":"search_term_string"}}],"inLanguage":"hu"},{"@type":"Organization","@id":"https:\/\/www.zajzon.com\/hu\/#organization","name":"Worldwide database of Zajzon families","url":"https:\/\/www.zajzon.com\/hu\/","logo":{"@type":"ImageObject","inLanguage":"hu","@id":"https:\/\/www.zajzon.com\/hu\/#\/schema\/logo\/image\/","url":"https:\/\/www.zajzon.com\/wp-content\/uploads\/2025\/12\/Header-Elementor-Zajzon.png","contentUrl":"https:\/\/www.zajzon.com\/wp-content\/uploads\/2025\/12\/Header-Elementor-Zajzon.png","width":313,"height":100,"caption":"Worldwide database of Zajzon families"},"image":{"@id":"https:\/\/www.zajzon.com\/hu\/#\/schema\/logo\/image\/"}}]}},"_links":{"self":[{"href":"https:\/\/www.zajzon.com\/hu\/wp-json\/wp\/v2\/pages\/13","targetHints":{"allow":["GET"]}}],"collection":[{"href":"https:\/\/www.zajzon.com\/hu\/wp-json\/wp\/v2\/pages"}],"about":[{"href":"https:\/\/www.zajzon.com\/hu\/wp-json\/wp\/v2\/types\/page"}],"author":[{"embeddable":true,"href":"https:\/\/www.zajzon.com\/hu\/wp-json\/wp\/v2\/users\/1"}],"replies":[{"embeddable":true,"href":"https:\/\/www.zajzon.com\/hu\/wp-json\/wp\/v2\/comments?post=13"}],"version-history":[{"count":20,"href":"https:\/\/www.zajzon.com\/hu\/wp-json\/wp\/v2\/pages\/13\/revisions"}],"predecessor-version":[{"id":263,"href":"https:\/\/www.zajzon.com\/hu\/wp-json\/wp\/v2\/pages\/13\/revisions\/263"}],"wp:attachment":[{"href":"https:\/\/www.zajzon.com\/hu\/wp-json\/wp\/v2\/media?parent=13"}],"curies":[{"name":"wp","href":"https:\/\/api.w.org\/{rel}","templated":true}]}}