{"id":15,"date":"2019-02-11T14:03:02","date_gmt":"2019-02-11T14:03:02","guid":{"rendered":"http:\/\/www.zajzon.com\/?page_id=15"},"modified":"2020-10-30T14:53:27","modified_gmt":"2020-10-30T14:53:27","slug":"egyeb-agak","status":"publish","type":"page","link":"https:\/\/www.zajzon.com\/hu\/egyeb-agak\/","title":{"rendered":"Egy\u00e9b \u00e1gak"},"content":{"rendered":"<div data-elementor-type=\"wp-post\" data-elementor-id=\"15\" class=\"elementor elementor-15\" data-elementor-post-type=\"page\">\n\t\t\t\t\t\t<section class=\"elementor-section elementor-top-section elementor-element elementor-element-f3718c9 elementor-section-boxed elementor-section-height-default elementor-section-height-default\" data-id=\"f3718c9\" data-element_type=\"section\" data-e-type=\"section\">\n\t\t\t\t\t\t<div class=\"elementor-container elementor-column-gap-default\">\n\t\t\t\t\t<div class=\"elementor-column elementor-col-100 elementor-top-column elementor-element elementor-element-b382612\" data-id=\"b382612\" data-element_type=\"column\" data-e-type=\"column\">\n\t\t\t<div class=\"elementor-widget-wrap elementor-element-populated\">\n\t\t\t\t\t\t<div class=\"elementor-element elementor-element-558d85a elementor-widget elementor-widget-text-editor\" data-id=\"558d85a\" data-element_type=\"widget\" data-e-type=\"widget\" data-widget_type=\"text-editor.default\">\n\t\t\t\t<div class=\"elementor-widget-container\">\n\t\t\t\t\t\t\t\t\t<p><span style=\"color: #3366ff;\"><a style=\"color: #3366ff;\" href=\"http:\/\/www.zajzon.com\/wp-content\/uploads\/2019\/03\/My-Family.pdf\">My Family<\/a>\u00a0<\/span> \u00a0 \u00a0PDF form\u00e1tumban let\u00f6lthet\u0151 csal\u00e1dfa.\u00a0 \u00a0 Ez a saj\u00e1t Zajzon csal\u00e1df\u00e1m .<\/p>\t\t\t\t\t\t\t\t<\/div>\n\t\t\t\t<\/div>\n\t\t\t\t\t<\/div>\n\t\t<\/div>\n\t\t\t\t\t<\/div>\n\t\t<\/section>\n\t\t\t\t<section class=\"elementor-section elementor-top-section elementor-element elementor-element-cae91b1 elementor-section-boxed elementor-section-height-default elementor-section-height-default\" data-id=\"cae91b1\" data-element_type=\"section\" data-e-type=\"section\">\n\t\t\t\t\t\t<div class=\"elementor-container elementor-column-gap-default\">\n\t\t\t\t\t<div class=\"elementor-column elementor-col-100 elementor-top-column elementor-element elementor-element-729bff9\" data-id=\"729bff9\" data-element_type=\"column\" data-e-type=\"column\">\n\t\t\t<div class=\"elementor-widget-wrap\">\n\t\t\t\t\t\t\t<\/div>\n\t\t<\/div>\n\t\t\t\t\t<\/div>\n\t\t<\/section>\n\t\t\t\t<section class=\"elementor-section elementor-top-section elementor-element elementor-element-7d28c98 elementor-section-boxed elementor-section-height-default elementor-section-height-default\" data-id=\"7d28c98\" data-element_type=\"section\" data-e-type=\"section\">\n\t\t\t\t\t\t<div class=\"elementor-container elementor-column-gap-default\">\n\t\t\t\t\t<div class=\"elementor-column elementor-col-100 elementor-top-column elementor-element elementor-element-aaa2f83\" data-id=\"aaa2f83\" data-element_type=\"column\" data-e-type=\"column\">\n\t\t\t<div class=\"elementor-widget-wrap elementor-element-populated\">\n\t\t\t\t\t\t<div class=\"elementor-element elementor-element-aaa252f elementor-widget elementor-widget-text-editor\" data-id=\"aaa252f\" data-element_type=\"widget\" data-e-type=\"widget\" data-widget_type=\"text-editor.default\">\n\t\t\t\t<div class=\"elementor-widget-container\">\n\t\t\t\t\t\t\t\t\t<p style=\"text-align: left;\">K\u00e9r\u00e9sre fel tudok ide t\u00f6lteni k\u00fcl\u00f6nb\u00f6z\u0151 f\u00e1kat, \u00e1gakat.<\/p><p>\u00a0<\/p><p>\u00a0<\/p><p style=\"text-align: left;\">Al\u00e1bb n\u00e9h\u00e1ny r\u00e9gi fot\u00f3 ink\u00e1bb csak a hangulat v\u00e9gett:<\/p>\t\t\t\t\t\t\t\t<\/div>\n\t\t\t\t<\/div>\n\t\t\t\t\t<\/div>\n\t\t<\/div>\n\t\t\t\t\t<\/div>\n\t\t<\/section>\n\t\t\t\t<section class=\"elementor-section elementor-top-section elementor-element elementor-element-00d1032 elementor-section-boxed elementor-section-height-default elementor-section-height-default\" data-id=\"00d1032\" data-element_type=\"section\" data-e-type=\"section\">\n\t\t\t\t\t\t<div class=\"elementor-container elementor-column-gap-default\">\n\t\t\t\t\t<div class=\"elementor-column elementor-col-100 elementor-top-column elementor-element elementor-element-dfee69e\" data-id=\"dfee69e\" data-element_type=\"column\" data-e-type=\"column\">\n\t\t\t<div class=\"elementor-widget-wrap elementor-element-populated\">\n\t\t\t\t    <style>\n      .elementor-control-bwg_view_type_shortcode .elementor-control-input-wrapper,\n      .elementor-control-bwg_elementor_shortcode input {\n        visibility: hidden;\n      }\n      .elementor-control-bwg_elementor_shortcode input {\n        height: 0;\n      }\n      .elementor-control a.bwg-shortcode-btn {\n        text-decoration: none;\n        border-bottom:none;\n      }\n    <\/style>\n    \t\t\t<\/div>\n\t\t<\/div>\n\t\t\t\t\t<\/div>\n\t\t<\/section>\n\t\t\t\t<section class=\"elementor-section elementor-top-section elementor-element elementor-element-7e9741e elementor-section-boxed elementor-section-height-default elementor-section-height-default\" data-id=\"7e9741e\" data-element_type=\"section\" data-e-type=\"section\">\n\t\t\t\t\t\t<div class=\"elementor-container elementor-column-gap-default\">\n\t\t\t\t\t<div class=\"elementor-column elementor-col-100 elementor-top-column elementor-element elementor-element-ce5fa80\" data-id=\"ce5fa80\" data-element_type=\"column\" data-e-type=\"column\">\n\t\t\t<div class=\"elementor-widget-wrap elementor-element-populated\">\n\t\t\t\t\t\t<div class=\"elementor-element elementor-element-e28dcea elementor-widget elementor-widget-image\" data-id=\"e28dcea\" data-element_type=\"widget\" data-e-type=\"widget\" data-widget_type=\"image.default\">\n\t\t\t\t<div class=\"elementor-widget-container\">\n\t\t\t\t\t\t\t\t\t\t\t\t\t\t\t<img fetchpriority=\"high\" decoding=\"async\" width=\"762\" height=\"1024\" src=\"https:\/\/www.zajzon.com\/wp-content\/uploads\/2020\/10\/Kov\u00e1sznai-Zajzon-c\u00edmer-762x1024.jpg\" class=\"attachment-large size-large wp-image-288\" alt=\"\" srcset=\"https:\/\/www.zajzon.com\/wp-content\/uploads\/2020\/10\/Kov\u00e1sznai-Zajzon-c\u00edmer-762x1024.jpg 762w, https:\/\/www.zajzon.com\/wp-content\/uploads\/2020\/10\/Kov\u00e1sznai-Zajzon-c\u00edmer-223x300.jpg 223w, https:\/\/www.zajzon.com\/wp-content\/uploads\/2020\/10\/Kov\u00e1sznai-Zajzon-c\u00edmer-768x1033.jpg 768w, https:\/\/www.zajzon.com\/wp-content\/uploads\/2020\/10\/Kov\u00e1sznai-Zajzon-c\u00edmer.jpg 1083w\" sizes=\"(max-width: 762px) 100vw, 762px\" \/>\t\t\t\t\t\t\t\t\t\t\t\t\t\t\t<\/div>\n\t\t\t\t<\/div>\n\t\t\t\t\t<\/div>\n\t\t<\/div>\n\t\t\t\t\t<\/div>\n\t\t<\/section>\n\t\t\t\t<\/div>","protected":false},"excerpt":{"rendered":"<p>My Family\u00a0 \u00a0 \u00a0PDF form\u00e1tumban let\u00f6lthet\u0151 csal\u00e1dfa.\u00a0 \u00a0 Ez a saj\u00e1t Zajzon csal\u00e1df\u00e1m . K\u00e9r\u00e9sre fel tudok ide t\u00f6lteni k\u00fcl\u00f6nb\u00f6z\u0151 f\u00e1kat, \u00e1gakat. \u00a0 \u00a0 Al\u00e1bb n\u00e9h\u00e1ny r\u00e9gi fot\u00f3 ink\u00e1bb csak a hangulat v\u00e9gett:<\/p>","protected":false},"author":1,"featured_media":0,"parent":0,"menu_order":0,"comment_status":"closed","ping_status":"closed","template":"","meta":{"ocean_post_layout":"full-screen","ocean_both_sidebars_style":"","ocean_both_sidebars_content_width":0,"ocean_both_sidebars_sidebars_width":0,"ocean_sidebar":"0","ocean_second_sidebar":"0","ocean_disable_margins":"on","ocean_add_body_class":"","ocean_shortcode_before_top_bar":"","ocean_shortcode_after_top_bar":"","ocean_shortcode_before_header":"","ocean_shortcode_after_header":"","ocean_has_shortcode":"","ocean_shortcode_after_title":"","ocean_shortcode_before_footer_widgets":"","ocean_shortcode_after_footer_widgets":"","ocean_shortcode_before_footer_bottom":"","ocean_shortcode_after_footer_bottom":"","ocean_display_top_bar":"default","ocean_display_header":"default","ocean_header_style":"","ocean_center_header_left_menu":"0","ocean_custom_header_template":"0","ocean_custom_logo":0,"ocean_custom_retina_logo":0,"ocean_custom_logo_max_width":0,"ocean_custom_logo_tablet_max_width":0,"ocean_custom_logo_mobile_max_width":0,"ocean_custom_logo_max_height":0,"ocean_custom_logo_tablet_max_height":0,"ocean_custom_logo_mobile_max_height":0,"ocean_header_custom_menu":"0","ocean_menu_typo_font_family":"0","ocean_menu_typo_font_subset":"","ocean_menu_typo_font_size":0,"ocean_menu_typo_font_size_tablet":0,"ocean_menu_typo_font_size_mobile":0,"ocean_menu_typo_font_size_unit":"px","ocean_menu_typo_font_weight":"","ocean_menu_typo_font_weight_tablet":"","ocean_menu_typo_font_weight_mobile":"","ocean_menu_typo_transform":"","ocean_menu_typo_transform_tablet":"","ocean_menu_typo_transform_mobile":"","ocean_menu_typo_line_height":0,"ocean_menu_typo_line_height_tablet":0,"ocean_menu_typo_line_height_mobile":0,"ocean_menu_typo_line_height_unit":"","ocean_menu_typo_spacing":0,"ocean_menu_typo_spacing_tablet":0,"ocean_menu_typo_spacing_mobile":0,"ocean_menu_typo_spacing_unit":"","ocean_menu_link_color":"","ocean_menu_link_color_hover":"","ocean_menu_link_color_active":"","ocean_menu_link_background":"","ocean_menu_link_hover_background":"","ocean_menu_link_active_background":"","ocean_menu_social_links_bg":"","ocean_menu_social_hover_links_bg":"","ocean_menu_social_links_color":"","ocean_menu_social_hover_links_color":"","ocean_disable_title":"default","ocean_disable_heading":"default","ocean_post_title":"","ocean_post_subheading":"","ocean_post_title_style":"centered","ocean_post_title_background_color":"","ocean_post_title_background":0,"ocean_post_title_bg_image_position":"","ocean_post_title_bg_image_attachment":"","ocean_post_title_bg_image_repeat":"","ocean_post_title_bg_image_size":"","ocean_post_title_height":0,"ocean_post_title_bg_overlay":0.5,"ocean_post_title_bg_overlay_color":"","ocean_disable_breadcrumbs":"default","ocean_breadcrumbs_color":"","ocean_breadcrumbs_separator_color":"","ocean_breadcrumbs_links_color":"","ocean_breadcrumbs_links_hover_color":"","ocean_display_footer_widgets":"default","ocean_display_footer_bottom":"default","ocean_custom_footer_template":"0","footnotes":""},"class_list":["post-15","page","type-page","status-publish","hentry","entry"],"yoast_head":"<!-- This site is optimized with the Yoast SEO Premium plugin v26.9 (Yoast SEO v26.9) - https:\/\/yoast.com\/product\/yoast-seo-premium-wordpress\/ -->\n<title>Egy\u00e9b \u00e1gak - Worldwide database of Zajzon families<\/title>\n<meta name=\"robots\" content=\"index, follow, max-snippet:-1, max-image-preview:large, max-video-preview:-1\" \/>\n<link rel=\"canonical\" href=\"https:\/\/www.zajzon.com\/hu\/egyeb-agak\/\" \/>\n<meta property=\"og:locale\" content=\"hu_HU\" \/>\n<meta property=\"og:type\" content=\"article\" \/>\n<meta property=\"og:title\" content=\"Egy\u00e9b \u00e1gak\" \/>\n<meta property=\"og:description\" content=\"My Family\u00a0 \u00a0 \u00a0PDF form\u00e1tumban let\u00f6lthet\u0151 csal\u00e1dfa.\u00a0 \u00a0 Ez a saj\u00e1t Zajzon csal\u00e1df\u00e1m . K\u00e9r\u00e9sre fel tudok ide t\u00f6lteni k\u00fcl\u00f6nb\u00f6z\u0151 f\u00e1kat, \u00e1gakat. \u00a0 \u00a0 Al\u00e1bb n\u00e9h\u00e1ny r\u00e9gi fot\u00f3 ink\u00e1bb csak a hangulat v\u00e9gett:\" \/>\n<meta property=\"og:url\" content=\"https:\/\/www.zajzon.com\/hu\/egyeb-agak\/\" \/>\n<meta property=\"og:site_name\" content=\"Worldwide database of Zajzon families\" \/>\n<meta property=\"article:modified_time\" content=\"2020-10-30T14:53:27+00:00\" \/>\n<meta name=\"twitter:card\" content=\"summary_large_image\" \/>\n<script type=\"application\/ld+json\" class=\"yoast-schema-graph\">{\"@context\":\"https:\/\/schema.org\",\"@graph\":[{\"@type\":\"WebPage\",\"@id\":\"https:\/\/www.zajzon.com\/hu\/egyeb-agak\/\",\"url\":\"https:\/\/www.zajzon.com\/hu\/egyeb-agak\/\",\"name\":\"Egy\u00e9b \u00e1gak - Worldwide database of Zajzon families\",\"isPartOf\":{\"@id\":\"https:\/\/www.zajzon.com\/hu\/#website\"},\"datePublished\":\"2019-02-11T14:03:02+00:00\",\"dateModified\":\"2020-10-30T14:53:27+00:00\",\"breadcrumb\":{\"@id\":\"https:\/\/www.zajzon.com\/hu\/egyeb-agak\/#breadcrumb\"},\"inLanguage\":\"hu\",\"potentialAction\":[{\"@type\":\"ReadAction\",\"target\":[\"https:\/\/www.zajzon.com\/hu\/egyeb-agak\/\"]}]},{\"@type\":\"BreadcrumbList\",\"@id\":\"https:\/\/www.zajzon.com\/hu\/egyeb-agak\/#breadcrumb\",\"itemListElement\":[{\"@type\":\"ListItem\",\"position\":1,\"name\":\"Home\",\"item\":\"https:\/\/www.zajzon.com\/\"},{\"@type\":\"ListItem\",\"position\":2,\"name\":\"Egy\u00e9b \u00e1gak\"}]},{\"@type\":\"WebSite\",\"@id\":\"https:\/\/www.zajzon.com\/hu\/#website\",\"url\":\"https:\/\/www.zajzon.com\/hu\/\",\"name\":\"Worldwide database of Zajzon families\",\"description\":\"Zajzon csal\u00e1dok gy\u0171jtem\u00e9nye\",\"publisher\":{\"@id\":\"https:\/\/www.zajzon.com\/hu\/#organization\"},\"potentialAction\":[{\"@type\":\"SearchAction\",\"target\":{\"@type\":\"EntryPoint\",\"urlTemplate\":\"https:\/\/www.zajzon.com\/hu\/?s={search_term_string}\"},\"query-input\":{\"@type\":\"PropertyValueSpecification\",\"valueRequired\":true,\"valueName\":\"search_term_string\"}}],\"inLanguage\":\"hu\"},{\"@type\":\"Organization\",\"@id\":\"https:\/\/www.zajzon.com\/hu\/#organization\",\"name\":\"Worldwide database of Zajzon families\",\"url\":\"https:\/\/www.zajzon.com\/hu\/\",\"logo\":{\"@type\":\"ImageObject\",\"inLanguage\":\"hu\",\"@id\":\"https:\/\/www.zajzon.com\/hu\/#\/schema\/logo\/image\/\",\"url\":\"https:\/\/www.zajzon.com\/wp-content\/uploads\/2025\/12\/Header-Elementor-Zajzon.png\",\"contentUrl\":\"https:\/\/www.zajzon.com\/wp-content\/uploads\/2025\/12\/Header-Elementor-Zajzon.png\",\"width\":313,\"height\":100,\"caption\":\"Worldwide database of Zajzon families\"},\"image\":{\"@id\":\"https:\/\/www.zajzon.com\/hu\/#\/schema\/logo\/image\/\"}}]}<\/script>\n<!-- \/ Yoast SEO Premium plugin. -->","yoast_head_json":{"title":"Egy\u00e9b \u00e1gak - Worldwide database of Zajzon families","robots":{"index":"index","follow":"follow","max-snippet":"max-snippet:-1","max-image-preview":"max-image-preview:large","max-video-preview":"max-video-preview:-1"},"canonical":"https:\/\/www.zajzon.com\/hu\/egyeb-agak\/","og_locale":"hu_HU","og_type":"article","og_title":"Egy\u00e9b \u00e1gak","og_description":"My Family\u00a0 \u00a0 \u00a0PDF form\u00e1tumban let\u00f6lthet\u0151 csal\u00e1dfa.\u00a0 \u00a0 Ez a saj\u00e1t Zajzon csal\u00e1df\u00e1m . K\u00e9r\u00e9sre fel tudok ide t\u00f6lteni k\u00fcl\u00f6nb\u00f6z\u0151 f\u00e1kat, \u00e1gakat. \u00a0 \u00a0 Al\u00e1bb n\u00e9h\u00e1ny r\u00e9gi fot\u00f3 ink\u00e1bb csak a hangulat v\u00e9gett:","og_url":"https:\/\/www.zajzon.com\/hu\/egyeb-agak\/","og_site_name":"Worldwide database of Zajzon families","article_modified_time":"2020-10-30T14:53:27+00:00","twitter_card":"summary_large_image","schema":{"@context":"https:\/\/schema.org","@graph":[{"@type":"WebPage","@id":"https:\/\/www.zajzon.com\/hu\/egyeb-agak\/","url":"https:\/\/www.zajzon.com\/hu\/egyeb-agak\/","name":"Egy\u00e9b \u00e1gak - Worldwide database of Zajzon families","isPartOf":{"@id":"https:\/\/www.zajzon.com\/hu\/#website"},"datePublished":"2019-02-11T14:03:02+00:00","dateModified":"2020-10-30T14:53:27+00:00","breadcrumb":{"@id":"https:\/\/www.zajzon.com\/hu\/egyeb-agak\/#breadcrumb"},"inLanguage":"hu","potentialAction":[{"@type":"ReadAction","target":["https:\/\/www.zajzon.com\/hu\/egyeb-agak\/"]}]},{"@type":"BreadcrumbList","@id":"https:\/\/www.zajzon.com\/hu\/egyeb-agak\/#breadcrumb","itemListElement":[{"@type":"ListItem","position":1,"name":"Home","item":"https:\/\/www.zajzon.com\/"},{"@type":"ListItem","position":2,"name":"Egy\u00e9b \u00e1gak"}]},{"@type":"WebSite","@id":"https:\/\/www.zajzon.com\/hu\/#website","url":"https:\/\/www.zajzon.com\/hu\/","name":"Worldwide database of Zajzon families","description":"Zajzon csal\u00e1dok gy\u0171jtem\u00e9nye","publisher":{"@id":"https:\/\/www.zajzon.com\/hu\/#organization"},"potentialAction":[{"@type":"SearchAction","target":{"@type":"EntryPoint","urlTemplate":"https:\/\/www.zajzon.com\/hu\/?s={search_term_string}"},"query-input":{"@type":"PropertyValueSpecification","valueRequired":true,"valueName":"search_term_string"}}],"inLanguage":"hu"},{"@type":"Organization","@id":"https:\/\/www.zajzon.com\/hu\/#organization","name":"Worldwide database of Zajzon families","url":"https:\/\/www.zajzon.com\/hu\/","logo":{"@type":"ImageObject","inLanguage":"hu","@id":"https:\/\/www.zajzon.com\/hu\/#\/schema\/logo\/image\/","url":"https:\/\/www.zajzon.com\/wp-content\/uploads\/2025\/12\/Header-Elementor-Zajzon.png","contentUrl":"https:\/\/www.zajzon.com\/wp-content\/uploads\/2025\/12\/Header-Elementor-Zajzon.png","width":313,"height":100,"caption":"Worldwide database of Zajzon families"},"image":{"@id":"https:\/\/www.zajzon.com\/hu\/#\/schema\/logo\/image\/"}}]}},"_links":{"self":[{"href":"https:\/\/www.zajzon.com\/hu\/wp-json\/wp\/v2\/pages\/15","targetHints":{"allow":["GET"]}}],"collection":[{"href":"https:\/\/www.zajzon.com\/hu\/wp-json\/wp\/v2\/pages"}],"about":[{"href":"https:\/\/www.zajzon.com\/hu\/wp-json\/wp\/v2\/types\/page"}],"author":[{"embeddable":true,"href":"https:\/\/www.zajzon.com\/hu\/wp-json\/wp\/v2\/users\/1"}],"replies":[{"embeddable":true,"href":"https:\/\/www.zajzon.com\/hu\/wp-json\/wp\/v2\/comments?post=15"}],"version-history":[{"count":12,"href":"https:\/\/www.zajzon.com\/hu\/wp-json\/wp\/v2\/pages\/15\/revisions"}],"predecessor-version":[{"id":289,"href":"https:\/\/www.zajzon.com\/hu\/wp-json\/wp\/v2\/pages\/15\/revisions\/289"}],"wp:attachment":[{"href":"https:\/\/www.zajzon.com\/hu\/wp-json\/wp\/v2\/media?parent=15"}],"curies":[{"name":"wp","href":"https:\/\/api.w.org\/{rel}","templated":true}]}}