{"id":9,"date":"2019-02-11T14:00:41","date_gmt":"2019-02-11T14:00:41","guid":{"rendered":"http:\/\/www.zajzon.com\/?page_id=9"},"modified":"2019-02-12T19:07:31","modified_gmt":"2019-02-12T19:07:31","slug":"tortenelem","status":"publish","type":"page","link":"https:\/\/www.zajzon.com\/hu\/tortenelem\/","title":{"rendered":"T\u00f6rt\u00e9nelem"},"content":{"rendered":"<div data-elementor-type=\"wp-post\" data-elementor-id=\"9\" class=\"elementor elementor-9 elementor-bc-flex-widget\" data-elementor-post-type=\"page\">\n\t\t\t\t\t\t<section class=\"elementor-section elementor-top-section elementor-element elementor-element-f9eae39 elementor-section-boxed elementor-section-height-default elementor-section-height-default\" data-id=\"f9eae39\" data-element_type=\"section\" data-e-type=\"section\">\n\t\t\t\t\t\t<div class=\"elementor-container elementor-column-gap-default\">\n\t\t\t\t\t<div class=\"elementor-column elementor-col-100 elementor-top-column elementor-element elementor-element-0bbcb08\" data-id=\"0bbcb08\" data-element_type=\"column\" data-e-type=\"column\">\n\t\t\t<div class=\"elementor-widget-wrap elementor-element-populated\">\n\t\t\t\t\t\t<div class=\"elementor-element elementor-element-9c3c20d elementor-widget elementor-widget-text-editor\" data-id=\"9c3c20d\" data-element_type=\"widget\" data-e-type=\"widget\" data-widget_type=\"text-editor.default\">\n\t\t\t\t<div class=\"elementor-widget-container\">\n\t\t\t\t\t\t\t\t\t<p style=\"text-align: left;\"><strong>T\u00f6rt\u00e9nelem &#8211; legenda &#8211; mese<\/strong><\/p>\n<p>Az uzoni \u00e9s illyefalvi Zayzonok k\u00fcl\u00f6n fejezeteket k\u00edv\u00e1nnak, a t\u00f6bbi Zayzont az Egy\u00e9b \u00e1gak fejezetbe soroltam. K\u00e9s\u0151bb l\u00e9tre fogok hozni egy &#8220;legend\u00e1k \u00e9s mes\u00e9k&#8221; fejezetet is, mert ugyan ezek n\u00e9lk\u00fcl\u00f6zik a t\u00f6rt\u00e9nelmi hiteless\u00e9get, de ett\u0151l m\u00e9g hozz\u00e1 tartoznak a csal\u00e1dt\u00f6rt\u00e9nethez. Az al\u00e1bbi t\u00e9rk\u00e9pen l\u00e1that\u00f3ak az eml\u00edtett telep\u00fcl\u00e9sek, ahonnan a Zayzonok elindultak vil\u00e1gg\u00e1.<\/p>\n<p>Uzon = Ozun<\/p><p>Illyefalva = Ilieni<\/p><p>Sepsiszentgy\u00f6rgy = Sfantu Gheorghe<\/p><p><span style=\"font-size: 18px; letter-spacing: 0.4px;\">&nbsp;A csal\u00e1domb\u00f3l a legfiatalabb &#8211; m\u00e9g Zayzon nevet visel\u0151 &#8211; fi\u00fa Ausztr\u00e1li\u00e1ban \u00e9l, de Zayzon g\u00e9neket hordoz\u00f3, \u00e1m m\u00e1s csal\u00e1dnevet visel\u0151 rokonok eg\u00e9sz Eur\u00f3p\u00e1ban vannak, egyik\u00fck pedig Braz\u00edli\u00e1ban \u00e9l. \u00c9s akkor csak az \u00e9n &#8220;sz\u0171kebb&#8221; csal\u00e1domr\u00f3l besz\u00e9lek.&nbsp;<\/span><br><\/p>\t\t\t\t\t\t\t\t<\/div>\n\t\t\t\t<\/div>\n\t\t\t\t<div class=\"elementor-element elementor-element-fa5299b elementor-widget elementor-widget-google_maps\" data-id=\"fa5299b\" data-element_type=\"widget\" data-e-type=\"widget\" data-widget_type=\"google_maps.default\">\n\t\t\t\t<div class=\"elementor-widget-container\">\n\t\t\t\t\t\t\t<div class=\"elementor-custom-embed\">\n\t\t\t<iframe loading=\"lazy\"\n\t\t\t\t\tsrc=\"https:\/\/maps.google.com\/maps?q=Uzon&#038;t=m&#038;z=12&#038;output=embed&#038;iwloc=near\"\n\t\t\t\t\ttitle=\"Uzon\"\n\t\t\t\t\taria-label=\"Uzon\"\n\t\t\t><\/iframe>\n\t\t<\/div>\n\t\t\t\t\t\t<\/div>\n\t\t\t\t<\/div>\n\t\t\t\t\t<\/div>\n\t\t<\/div>\n\t\t\t\t\t<\/div>\n\t\t<\/section>\n\t\t\t\t<section class=\"elementor-section elementor-top-section elementor-element elementor-element-256220a elementor-section-boxed elementor-section-height-default elementor-section-height-default\" data-id=\"256220a\" data-element_type=\"section\" data-e-type=\"section\">\n\t\t\t\t\t\t<div class=\"elementor-container elementor-column-gap-default\">\n\t\t\t\t\t<div class=\"elementor-column elementor-col-100 elementor-top-column elementor-element elementor-element-07112b6\" data-id=\"07112b6\" data-element_type=\"column\" data-e-type=\"column\">\n\t\t\t<div class=\"elementor-widget-wrap\">\n\t\t\t\t\t\t\t<\/div>\n\t\t<\/div>\n\t\t\t\t\t<\/div>\n\t\t<\/section>\n\t\t\t\t<\/div>","protected":false},"excerpt":{"rendered":"<p>T\u00f6rt\u00e9nelem &#8211; legenda &#8211; mese Az uzoni \u00e9s illyefalvi Zayzonok k\u00fcl\u00f6n fejezeteket k\u00edv\u00e1nnak, a t\u00f6bbi Zayzont az Egy\u00e9b \u00e1gak fejezetbe soroltam. K\u00e9s\u0151bb l\u00e9tre fogok hozni egy &#8220;legend\u00e1k \u00e9s mes\u00e9k&#8221; fejezetet is, mert ugyan ezek n\u00e9lk\u00fcl\u00f6zik a t\u00f6rt\u00e9nelmi hiteless\u00e9get, de ett\u0151l m\u00e9g hozz\u00e1 tartoznak a csal\u00e1dt\u00f6rt\u00e9nethez. Az al\u00e1bbi t\u00e9rk\u00e9pen l\u00e1that\u00f3ak az eml\u00edtett telep\u00fcl\u00e9sek, ahonnan a Zayzonok [&hellip;]<\/p>","protected":false},"author":1,"featured_media":0,"parent":0,"menu_order":0,"comment_status":"closed","ping_status":"closed","template":"","meta":{"ocean_post_layout":"full-screen","ocean_both_sidebars_style":"","ocean_both_sidebars_content_width":0,"ocean_both_sidebars_sidebars_width":0,"ocean_sidebar":"0","ocean_second_sidebar":"0","ocean_disable_margins":"on","ocean_add_body_class":"","ocean_shortcode_before_top_bar":"","ocean_shortcode_after_top_bar":"","ocean_shortcode_before_header":"","ocean_shortcode_after_header":"","ocean_has_shortcode":"","ocean_shortcode_after_title":"","ocean_shortcode_before_footer_widgets":"","ocean_shortcode_after_footer_widgets":"","ocean_shortcode_before_footer_bottom":"","ocean_shortcode_after_footer_bottom":"","ocean_display_top_bar":"default","ocean_display_header":"default","ocean_header_style":"","ocean_center_header_left_menu":"0","ocean_custom_header_template":"0","ocean_custom_logo":0,"ocean_custom_retina_logo":0,"ocean_custom_logo_max_width":0,"ocean_custom_logo_tablet_max_width":0,"ocean_custom_logo_mobile_max_width":0,"ocean_custom_logo_max_height":0,"ocean_custom_logo_tablet_max_height":0,"ocean_custom_logo_mobile_max_height":0,"ocean_header_custom_menu":"0","ocean_menu_typo_font_family":"0","ocean_menu_typo_font_subset":"","ocean_menu_typo_font_size":0,"ocean_menu_typo_font_size_tablet":0,"ocean_menu_typo_font_size_mobile":0,"ocean_menu_typo_font_size_unit":"px","ocean_menu_typo_font_weight":"","ocean_menu_typo_font_weight_tablet":"","ocean_menu_typo_font_weight_mobile":"","ocean_menu_typo_transform":"","ocean_menu_typo_transform_tablet":"","ocean_menu_typo_transform_mobile":"","ocean_menu_typo_line_height":0,"ocean_menu_typo_line_height_tablet":0,"ocean_menu_typo_line_height_mobile":0,"ocean_menu_typo_line_height_unit":"","ocean_menu_typo_spacing":0,"ocean_menu_typo_spacing_tablet":0,"ocean_menu_typo_spacing_mobile":0,"ocean_menu_typo_spacing_unit":"","ocean_menu_link_color":"","ocean_menu_link_color_hover":"","ocean_menu_link_color_active":"","ocean_menu_link_background":"","ocean_menu_link_hover_background":"","ocean_menu_link_active_background":"","ocean_menu_social_links_bg":"","ocean_menu_social_hover_links_bg":"","ocean_menu_social_links_color":"","ocean_menu_social_hover_links_color":"","ocean_disable_title":"default","ocean_disable_heading":"default","ocean_post_title":"","ocean_post_subheading":"","ocean_post_title_style":"centered","ocean_post_title_background_color":"","ocean_post_title_background":0,"ocean_post_title_bg_image_position":"","ocean_post_title_bg_image_attachment":"","ocean_post_title_bg_image_repeat":"","ocean_post_title_bg_image_size":"","ocean_post_title_height":0,"ocean_post_title_bg_overlay":0.5,"ocean_post_title_bg_overlay_color":"","ocean_disable_breadcrumbs":"default","ocean_breadcrumbs_color":"","ocean_breadcrumbs_separator_color":"","ocean_breadcrumbs_links_color":"","ocean_breadcrumbs_links_hover_color":"","ocean_display_footer_widgets":"default","ocean_display_footer_bottom":"default","ocean_custom_footer_template":"0","footnotes":""},"class_list":["post-9","page","type-page","status-publish","hentry","entry"],"yoast_head":"<!-- This site is optimized with the Yoast SEO Premium plugin v26.9 (Yoast SEO v26.9) - https:\/\/yoast.com\/product\/yoast-seo-premium-wordpress\/ -->\n<title>T\u00f6rt\u00e9nelem - Worldwide database of Zajzon families<\/title>\n<meta name=\"robots\" content=\"index, follow, max-snippet:-1, max-image-preview:large, max-video-preview:-1\" \/>\n<link rel=\"canonical\" href=\"https:\/\/www.zajzon.com\/hu\/tortenelem\/\" \/>\n<meta property=\"og:locale\" content=\"hu_HU\" \/>\n<meta property=\"og:type\" content=\"article\" \/>\n<meta property=\"og:title\" content=\"T\u00f6rt\u00e9nelem\" \/>\n<meta property=\"og:description\" content=\"T\u00f6rt\u00e9nelem &#8211; legenda &#8211; mese Az uzoni \u00e9s illyefalvi Zayzonok k\u00fcl\u00f6n fejezeteket k\u00edv\u00e1nnak, a t\u00f6bbi Zayzont az Egy\u00e9b \u00e1gak fejezetbe soroltam. K\u00e9s\u0151bb l\u00e9tre fogok hozni egy &#8220;legend\u00e1k \u00e9s mes\u00e9k&#8221; fejezetet is, mert ugyan ezek n\u00e9lk\u00fcl\u00f6zik a t\u00f6rt\u00e9nelmi hiteless\u00e9get, de ett\u0151l m\u00e9g hozz\u00e1 tartoznak a csal\u00e1dt\u00f6rt\u00e9nethez. Az al\u00e1bbi t\u00e9rk\u00e9pen l\u00e1that\u00f3ak az eml\u00edtett telep\u00fcl\u00e9sek, ahonnan a Zayzonok [&hellip;]\" \/>\n<meta property=\"og:url\" content=\"https:\/\/www.zajzon.com\/hu\/tortenelem\/\" \/>\n<meta property=\"og:site_name\" content=\"Worldwide database of Zajzon families\" \/>\n<meta property=\"article:modified_time\" content=\"2019-02-12T19:07:31+00:00\" \/>\n<meta name=\"twitter:card\" content=\"summary_large_image\" \/>\n<meta name=\"twitter:label1\" content=\"Becs\u00fclt olvas\u00e1si id\u0151\" \/>\n\t<meta name=\"twitter:data1\" content=\"1 perc\" \/>\n<script type=\"application\/ld+json\" class=\"yoast-schema-graph\">{\"@context\":\"https:\/\/schema.org\",\"@graph\":[{\"@type\":\"WebPage\",\"@id\":\"https:\/\/www.zajzon.com\/hu\/tortenelem\/\",\"url\":\"https:\/\/www.zajzon.com\/hu\/tortenelem\/\",\"name\":\"T\u00f6rt\u00e9nelem - Worldwide database of Zajzon families\",\"isPartOf\":{\"@id\":\"https:\/\/www.zajzon.com\/hu\/#website\"},\"datePublished\":\"2019-02-11T14:00:41+00:00\",\"dateModified\":\"2019-02-12T19:07:31+00:00\",\"breadcrumb\":{\"@id\":\"https:\/\/www.zajzon.com\/hu\/tortenelem\/#breadcrumb\"},\"inLanguage\":\"hu\",\"potentialAction\":[{\"@type\":\"ReadAction\",\"target\":[\"https:\/\/www.zajzon.com\/hu\/tortenelem\/\"]}]},{\"@type\":\"BreadcrumbList\",\"@id\":\"https:\/\/www.zajzon.com\/hu\/tortenelem\/#breadcrumb\",\"itemListElement\":[{\"@type\":\"ListItem\",\"position\":1,\"name\":\"Home\",\"item\":\"https:\/\/www.zajzon.com\/\"},{\"@type\":\"ListItem\",\"position\":2,\"name\":\"T\u00f6rt\u00e9nelem\"}]},{\"@type\":\"WebSite\",\"@id\":\"https:\/\/www.zajzon.com\/hu\/#website\",\"url\":\"https:\/\/www.zajzon.com\/hu\/\",\"name\":\"Worldwide database of Zajzon families\",\"description\":\"Zajzon csal\u00e1dok gy\u0171jtem\u00e9nye\",\"publisher\":{\"@id\":\"https:\/\/www.zajzon.com\/hu\/#organization\"},\"potentialAction\":[{\"@type\":\"SearchAction\",\"target\":{\"@type\":\"EntryPoint\",\"urlTemplate\":\"https:\/\/www.zajzon.com\/hu\/?s={search_term_string}\"},\"query-input\":{\"@type\":\"PropertyValueSpecification\",\"valueRequired\":true,\"valueName\":\"search_term_string\"}}],\"inLanguage\":\"hu\"},{\"@type\":\"Organization\",\"@id\":\"https:\/\/www.zajzon.com\/hu\/#organization\",\"name\":\"Worldwide database of Zajzon families\",\"url\":\"https:\/\/www.zajzon.com\/hu\/\",\"logo\":{\"@type\":\"ImageObject\",\"inLanguage\":\"hu\",\"@id\":\"https:\/\/www.zajzon.com\/hu\/#\/schema\/logo\/image\/\",\"url\":\"https:\/\/www.zajzon.com\/wp-content\/uploads\/2025\/12\/Header-Elementor-Zajzon.png\",\"contentUrl\":\"https:\/\/www.zajzon.com\/wp-content\/uploads\/2025\/12\/Header-Elementor-Zajzon.png\",\"width\":313,\"height\":100,\"caption\":\"Worldwide database of Zajzon families\"},\"image\":{\"@id\":\"https:\/\/www.zajzon.com\/hu\/#\/schema\/logo\/image\/\"}}]}<\/script>\n<!-- \/ Yoast SEO Premium plugin. -->","yoast_head_json":{"title":"T\u00f6rt\u00e9nelem - Worldwide database of Zajzon families","robots":{"index":"index","follow":"follow","max-snippet":"max-snippet:-1","max-image-preview":"max-image-preview:large","max-video-preview":"max-video-preview:-1"},"canonical":"https:\/\/www.zajzon.com\/hu\/tortenelem\/","og_locale":"hu_HU","og_type":"article","og_title":"T\u00f6rt\u00e9nelem","og_description":"T\u00f6rt\u00e9nelem &#8211; legenda &#8211; mese Az uzoni \u00e9s illyefalvi Zayzonok k\u00fcl\u00f6n fejezeteket k\u00edv\u00e1nnak, a t\u00f6bbi Zayzont az Egy\u00e9b \u00e1gak fejezetbe soroltam. K\u00e9s\u0151bb l\u00e9tre fogok hozni egy &#8220;legend\u00e1k \u00e9s mes\u00e9k&#8221; fejezetet is, mert ugyan ezek n\u00e9lk\u00fcl\u00f6zik a t\u00f6rt\u00e9nelmi hiteless\u00e9get, de ett\u0151l m\u00e9g hozz\u00e1 tartoznak a csal\u00e1dt\u00f6rt\u00e9nethez. Az al\u00e1bbi t\u00e9rk\u00e9pen l\u00e1that\u00f3ak az eml\u00edtett telep\u00fcl\u00e9sek, ahonnan a Zayzonok [&hellip;]","og_url":"https:\/\/www.zajzon.com\/hu\/tortenelem\/","og_site_name":"Worldwide database of Zajzon families","article_modified_time":"2019-02-12T19:07:31+00:00","twitter_card":"summary_large_image","twitter_misc":{"Becs\u00fclt olvas\u00e1si id\u0151":"1 perc"},"schema":{"@context":"https:\/\/schema.org","@graph":[{"@type":"WebPage","@id":"https:\/\/www.zajzon.com\/hu\/tortenelem\/","url":"https:\/\/www.zajzon.com\/hu\/tortenelem\/","name":"T\u00f6rt\u00e9nelem - Worldwide database of Zajzon families","isPartOf":{"@id":"https:\/\/www.zajzon.com\/hu\/#website"},"datePublished":"2019-02-11T14:00:41+00:00","dateModified":"2019-02-12T19:07:31+00:00","breadcrumb":{"@id":"https:\/\/www.zajzon.com\/hu\/tortenelem\/#breadcrumb"},"inLanguage":"hu","potentialAction":[{"@type":"ReadAction","target":["https:\/\/www.zajzon.com\/hu\/tortenelem\/"]}]},{"@type":"BreadcrumbList","@id":"https:\/\/www.zajzon.com\/hu\/tortenelem\/#breadcrumb","itemListElement":[{"@type":"ListItem","position":1,"name":"Home","item":"https:\/\/www.zajzon.com\/"},{"@type":"ListItem","position":2,"name":"T\u00f6rt\u00e9nelem"}]},{"@type":"WebSite","@id":"https:\/\/www.zajzon.com\/hu\/#website","url":"https:\/\/www.zajzon.com\/hu\/","name":"Worldwide database of Zajzon families","description":"Zajzon csal\u00e1dok gy\u0171jtem\u00e9nye","publisher":{"@id":"https:\/\/www.zajzon.com\/hu\/#organization"},"potentialAction":[{"@type":"SearchAction","target":{"@type":"EntryPoint","urlTemplate":"https:\/\/www.zajzon.com\/hu\/?s={search_term_string}"},"query-input":{"@type":"PropertyValueSpecification","valueRequired":true,"valueName":"search_term_string"}}],"inLanguage":"hu"},{"@type":"Organization","@id":"https:\/\/www.zajzon.com\/hu\/#organization","name":"Worldwide database of Zajzon families","url":"https:\/\/www.zajzon.com\/hu\/","logo":{"@type":"ImageObject","inLanguage":"hu","@id":"https:\/\/www.zajzon.com\/hu\/#\/schema\/logo\/image\/","url":"https:\/\/www.zajzon.com\/wp-content\/uploads\/2025\/12\/Header-Elementor-Zajzon.png","contentUrl":"https:\/\/www.zajzon.com\/wp-content\/uploads\/2025\/12\/Header-Elementor-Zajzon.png","width":313,"height":100,"caption":"Worldwide database of Zajzon families"},"image":{"@id":"https:\/\/www.zajzon.com\/hu\/#\/schema\/logo\/image\/"}}]}},"_links":{"self":[{"href":"https:\/\/www.zajzon.com\/hu\/wp-json\/wp\/v2\/pages\/9","targetHints":{"allow":["GET"]}}],"collection":[{"href":"https:\/\/www.zajzon.com\/hu\/wp-json\/wp\/v2\/pages"}],"about":[{"href":"https:\/\/www.zajzon.com\/hu\/wp-json\/wp\/v2\/types\/page"}],"author":[{"embeddable":true,"href":"https:\/\/www.zajzon.com\/hu\/wp-json\/wp\/v2\/users\/1"}],"replies":[{"embeddable":true,"href":"https:\/\/www.zajzon.com\/hu\/wp-json\/wp\/v2\/comments?post=9"}],"version-history":[{"count":8,"href":"https:\/\/www.zajzon.com\/hu\/wp-json\/wp\/v2\/pages\/9\/revisions"}],"predecessor-version":[{"id":83,"href":"https:\/\/www.zajzon.com\/hu\/wp-json\/wp\/v2\/pages\/9\/revisions\/83"}],"wp:attachment":[{"href":"https:\/\/www.zajzon.com\/hu\/wp-json\/wp\/v2\/media?parent=9"}],"curies":[{"name":"wp","href":"https:\/\/api.w.org\/{rel}","templated":true}]}}